{"id":2910,"date":"2024-10-22T21:58:16","date_gmt":"2024-10-22T21:58:16","guid":{"rendered":"https:\/\/v2.americancyberacademy.us\/perfil-soraya-sesto-copia\/"},"modified":"2024-11-17T19:30:11","modified_gmt":"2024-11-17T19:30:11","slug":"perfil-soraya-sesto-copia","status":"publish","type":"page","link":"https:\/\/americancyberacademy.us\/en\/perfil-soraya-sesto-copia\/","title":{"rendered":"Profile Soraya Sesto OK"},"content":{"rendered":"\t\t<div data-elementor-type=\"wp-page\" data-elementor-id=\"2910\" class=\"elementor elementor-2910 elementor-2579\" data-elementor-post-type=\"page\">\n\t\t\t\t<div class=\"elementor-element elementor-element-eec9f33 e-con-full e-flex e-con e-parent\" data-id=\"eec9f33\" data-element_type=\"container\" data-e-type=\"container\">\n\t\t<div class=\"elementor-element elementor-element-41235a3 e-con-full e-flex e-con e-child\" data-id=\"41235a3\" data-element_type=\"container\" data-e-type=\"container\">\n\t\t\t\t<div class=\"elementor-element elementor-element-dfa2864 elementor-widget-mobile__width-initial elementor-widget elementor-widget-image\" data-id=\"dfa2864\" data-element_type=\"widget\" data-e-type=\"widget\" data-widget_type=\"image.default\">\n\t\t\t\t<div class=\"elementor-widget-container\">\n\t\t\t\t\t\t\t\t\t\t\t\t\t\t\t<img fetchpriority=\"high\" decoding=\"async\" width=\"400\" height=\"400\" src=\"https:\/\/americancyberacademy.us\/wp-content\/uploads\/2024\/06\/soraya.png\" class=\"attachment-full size-full wp-image-314\" alt=\"\" srcset=\"https:\/\/americancyberacademy.us\/wp-content\/uploads\/2024\/06\/soraya.png 400w, https:\/\/americancyberacademy.us\/wp-content\/uploads\/2024\/06\/soraya-300x300.png 300w, https:\/\/americancyberacademy.us\/wp-content\/uploads\/2024\/06\/soraya-150x150.png 150w\" sizes=\"(max-width: 400px) 100vw, 400px\" \/>\t\t\t\t\t\t\t\t\t\t\t\t\t\t\t<\/div>\n\t\t\t\t<\/div>\n\t\t<div class=\"elementor-element elementor-element-897d39c e-flex e-con-boxed e-con e-child\" data-id=\"897d39c\" data-element_type=\"container\" data-e-type=\"container\">\n\t\t\t\t\t<div class=\"e-con-inner\">\n\t\t\t\t<div class=\"elementor-element elementor-element-81fde32 elementor-widget elementor-widget-text-editor\" data-id=\"81fde32\" data-element_type=\"widget\" data-e-type=\"widget\" data-widget_type=\"text-editor.default\">\n\t\t\t\t<div class=\"elementor-widget-container\">\n\t\t\t\t\t\t\t\t\t<p>President<\/p>\n\t\t\t\t\t\t\t\t<\/div>\n\t\t\t\t<\/div>\n\t\t\t\t<div class=\"elementor-element elementor-element-3622d07 elementor-widget elementor-widget-text-editor\" data-id=\"3622d07\" data-element_type=\"widget\" data-e-type=\"widget\" data-widget_type=\"text-editor.default\">\n\t\t\t\t<div class=\"elementor-widget-container\">\n\t\t\t\t\t\t\t\t\t<p><strong>Soraya Sesto<\/strong><\/p>\n\t\t\t\t\t\t\t\t<\/div>\n\t\t\t\t<\/div>\n\t\t\t\t\t<\/div>\n\t\t\t\t<\/div>\n\t\t\t\t<\/div>\n\t\t<div class=\"elementor-element elementor-element-a7cd22a e-con-full e-flex e-con e-child\" data-id=\"a7cd22a\" data-element_type=\"container\" data-e-type=\"container\">\n\t\t\t\t<div class=\"elementor-element elementor-element-9b9e95f elementor-widget elementor-widget-text-editor\" data-id=\"9b9e95f\" data-element_type=\"widget\" data-e-type=\"widget\" data-widget_type=\"text-editor.default\">\n\t\t\t\t<div class=\"elementor-widget-container\">\n\t\t\t\t\t\t\t\t\t<p><b><span data-contrast=\"none\">Soraya completed her Bachelor&#8217;s degree MAGNA CUM LAUDE from Georgetown University<\/span><\/b><span data-contrast=\"none\"> in Washington, D.C. Soraya also holds a master\u2019s degree in communications and public relations from the University of the Sacred Heart, San Juan, Puerto Rico, and is a PhD Candidate at the Center for Advanced for Puerto Rico and the Caribbean.<\/span><span data-ccp-props=\"{}\">\u00a0<\/span><\/p><p><b><span data-contrast=\"none\">For the past 25 years, Soraya has been dedicated to motivating youth<\/span><\/b><span data-contrast=\"none\"> to commit to their schooling and to find value in their education. This goal has been achieved through her <\/span><b><span data-contrast=\"none\">ingenious educational programs such as Operaci\u00f3n \u00c9xito, La Magna, La M\u00e1xima, Tratamiento Intensivo, La Nueva Escuela Virtual and Uno a Uno.<\/span><\/b><span data-ccp-props=\"{&quot;201341983&quot;:0,&quot;335551550&quot;:6,&quot;335551620&quot;:6,&quot;335557856&quot;:16777215,&quot;335559739&quot;:216,&quot;335559740&quot;:300}\">\u00a0<\/span><\/p>\t\t\t\t\t\t\t\t<\/div>\n\t\t\t\t<\/div>\n\t\t\t\t<div class=\"elementor-element elementor-element-16fccd7 elementor-widget elementor-widget-image\" data-id=\"16fccd7\" data-element_type=\"widget\" data-e-type=\"widget\" data-widget_type=\"image.default\">\n\t\t\t\t<div class=\"elementor-widget-container\">\n\t\t\t\t\t\t\t\t\t\t\t\t\t\t\t<img decoding=\"async\" width=\"2560\" height=\"1707\" src=\"https:\/\/americancyberacademy.us\/wp-content\/uploads\/2024\/10\/IMG_7583-scaled.jpeg\" class=\"attachment-full size-full wp-image-2592\" alt=\"\" srcset=\"https:\/\/americancyberacademy.us\/wp-content\/uploads\/2024\/10\/IMG_7583-scaled.jpeg 2560w, https:\/\/americancyberacademy.us\/wp-content\/uploads\/2024\/10\/IMG_7583-300x200.jpeg 300w, https:\/\/americancyberacademy.us\/wp-content\/uploads\/2024\/10\/IMG_7583-1024x683.jpeg 1024w, https:\/\/americancyberacademy.us\/wp-content\/uploads\/2024\/10\/IMG_7583-768x512.jpeg 768w, https:\/\/americancyberacademy.us\/wp-content\/uploads\/2024\/10\/IMG_7583-1536x1024.jpeg 1536w, https:\/\/americancyberacademy.us\/wp-content\/uploads\/2024\/10\/IMG_7583-2048x1365.jpeg 2048w\" sizes=\"(max-width: 2560px) 100vw, 2560px\" \/>\t\t\t\t\t\t\t\t\t\t\t\t\t\t\t<\/div>\n\t\t\t\t<\/div>\n\t\t\t\t<div class=\"elementor-element elementor-element-fda3231 elementor-widget elementor-widget-text-editor\" data-id=\"fda3231\" data-element_type=\"widget\" data-e-type=\"widget\" data-widget_type=\"text-editor.default\">\n\t\t\t\t<div class=\"elementor-widget-container\">\n\t\t\t\t\t\t\t\t\t<p><strong><span class=\"TextRun MacChromeBold SCXW111534250 BCX0\" lang=\"EN-US\" xml:lang=\"EN-US\" data-contrast=\"none\"><span class=\"NormalTextRun SCXW111534250 BCX0\">In 2009, Soraya founded the OE (Operation Success)<\/span><\/span><\/strong><span class=\"TextRun SCXW111534250 BCX0\" lang=\"EN-US\" xml:lang=\"EN-US\" data-contrast=\"none\"><span class=\"NormalTextRun SCXW111534250 BCX0\"><strong> Foundation<\/strong>. This organization <\/span><span class=\"NormalTextRun SCXW111534250 BCX0\">is responsible for<\/span><span class=\"NormalTextRun SCXW111534250 BCX0\"> offering educational <\/span><span class=\"NormalTextRun SCXW111534250 BCX0\">programs, <\/span><span class=\"NormalTextRun SCXW111534250 BCX0\">scholarships<\/span><span class=\"NormalTextRun SCXW111534250 BCX0\">,<\/span><span class=\"NormalTextRun SCXW111534250 BCX0\"> and opportunities to thousands of young people around the world. <\/span><\/span><strong><span class=\"TextRun MacChromeBold SCXW111534250 BCX0\" lang=\"EN-US\" xml:lang=\"EN-US\" data-contrast=\"none\"><span class=\"NormalTextRun SCXW111534250 BCX0\">The testimonies of these young people prove this:<\/span><\/span><span class=\"EOP SCXW111534250 BCX0\" data-ccp-props=\"{&quot;201341983&quot;:0,&quot;335551550&quot;:6,&quot;335551620&quot;:6,&quot;335557856&quot;:16777215,&quot;335559739&quot;:216,&quot;335559740&quot;:300}\">\u00a0<\/span><\/strong><\/p>\t\t\t\t\t\t\t\t<\/div>\n\t\t\t\t<\/div>\n\t\t\t\t<div class=\"elementor-element elementor-element-a1bffa0 elementor-widget elementor-widget-image\" data-id=\"a1bffa0\" data-element_type=\"widget\" data-e-type=\"widget\" data-widget_type=\"image.default\">\n\t\t\t\t<div class=\"elementor-widget-container\">\n\t\t\t\t\t\t\t\t\t\t\t\t\t\t\t<img decoding=\"async\" width=\"754\" height=\"537\" src=\"https:\/\/americancyberacademy.us\/wp-content\/uploads\/2024\/10\/Maria_Pla.png\" class=\"attachment-full size-full wp-image-2446\" alt=\"\" srcset=\"https:\/\/americancyberacademy.us\/wp-content\/uploads\/2024\/10\/Maria_Pla.png 754w, https:\/\/americancyberacademy.us\/wp-content\/uploads\/2024\/10\/Maria_Pla-300x214.png 300w\" sizes=\"(max-width: 754px) 100vw, 754px\" \/>\t\t\t\t\t\t\t\t\t\t\t\t\t\t\t<\/div>\n\t\t\t\t<\/div>\n\t\t\t\t<div class=\"elementor-element elementor-element-8d76447 elementor-widget elementor-widget-text-editor\" data-id=\"8d76447\" data-element_type=\"widget\" data-e-type=\"widget\" data-widget_type=\"text-editor.default\">\n\t\t\t\t<div class=\"elementor-widget-container\">\n\t\t\t\t\t\t\t\t\t<p style=\"text-align: center;\"><strong>M\u00aa \u00c1ngeles Pla (Spain)<\/strong><\/p><p><strong><span class=\"TextRun SCXW50900482 BCX0\" lang=\"EN-US\" xml:lang=\"EN-US\" data-contrast=\"auto\"><span class=\"NormalTextRun SCXW50900482 BCX0\">\u201c<\/span><\/span><span class=\"TextRun MacChromeBold SCXW50900482 BCX0\" lang=\"EN-US\" xml:lang=\"EN-US\" data-contrast=\"auto\"><span class=\"NormalTextRun SCXW50900482 BCX0\">The OE Foundation completely changed my life. Adrenaline, learning<\/span><span class=\"NormalTextRun SCXW50900482 BCX0\">,<\/span><span class=\"NormalTextRun SCXW50900482 BCX0\"> and improvement.<\/span><\/span><\/strong><span class=\"TextRun SCXW50900482 BCX0\" lang=\"EN-US\" xml:lang=\"EN-US\" data-contrast=\"auto\"> <span class=\"NormalTextRun SCXW50900482 BCX0\">It was an absolutely enriching experience and thanks to it I <\/span><span class=\"NormalTextRun SCXW50900482 BCX0\">was<\/span><span class=\"NormalTextRun SCXW50900482 BCX0\"> able to study music and languages.<\/span><span class=\"NormalTextRun SCXW50900482 BCX0\"> If OE has taught me anything, it is that I can achieve whatever I set my mind to with effort and conviction.\u201d<\/span><\/span><span class=\"EOP SCXW50900482 BCX0\" data-ccp-props=\"{&quot;335551550&quot;:6,&quot;335551620&quot;:6,&quot;335557856&quot;:16777215,&quot;335559739&quot;:216}\">\u00a0<\/span><\/p>\t\t\t\t\t\t\t\t<\/div>\n\t\t\t\t<\/div>\n\t\t\t\t<div class=\"elementor-element elementor-element-f52b014 elementor-widget elementor-widget-image\" data-id=\"f52b014\" data-element_type=\"widget\" data-e-type=\"widget\" data-widget_type=\"image.default\">\n\t\t\t\t<div class=\"elementor-widget-container\">\n\t\t\t\t\t\t\t\t\t\t\t\t\t\t\t<img loading=\"lazy\" decoding=\"async\" width=\"998\" height=\"934\" src=\"https:\/\/americancyberacademy.us\/wp-content\/uploads\/2024\/10\/Luis-Torres.png\" class=\"attachment-full size-full wp-image-2447\" alt=\"\" srcset=\"https:\/\/americancyberacademy.us\/wp-content\/uploads\/2024\/10\/Luis-Torres.png 998w, https:\/\/americancyberacademy.us\/wp-content\/uploads\/2024\/10\/Luis-Torres-300x281.png 300w, https:\/\/americancyberacademy.us\/wp-content\/uploads\/2024\/10\/Luis-Torres-768x719.png 768w\" sizes=\"(max-width: 998px) 100vw, 998px\" \/>\t\t\t\t\t\t\t\t\t\t\t\t\t\t\t<\/div>\n\t\t\t\t<\/div>\n\t\t\t\t<div class=\"elementor-element elementor-element-75afd14 elementor-widget elementor-widget-text-editor\" data-id=\"75afd14\" data-element_type=\"widget\" data-e-type=\"widget\" data-widget_type=\"text-editor.default\">\n\t\t\t\t<div class=\"elementor-widget-container\">\n\t\t\t\t\t\t\t\t\t<p style=\"text-align: center;\"><strong>Luis F. Torres (Puerto Rico)<\/strong><\/p><p><strong><span class=\"TextRun SCXW199019659 BCX0\" lang=\"EN-US\" xml:lang=\"EN-US\" data-contrast=\"auto\"><span class=\"NormalTextRun SCXW199019659 BCX0\">\u201c<\/span><\/span><span class=\"TextRun MacChromeBold SCXW199019659 BCX0\" lang=\"EN-US\" xml:lang=\"EN-US\" data-contrast=\"auto\"><span class=\"NormalTextRun SCXW199019659 BCX0\">Participating in <\/span><span class=\"NormalTextRun SpellingErrorV2Themed SCXW199019659 BCX0\">Operaci\u00f3n<\/span> <span class=\"NormalTextRun SpellingErrorV2Themed SCXW199019659 BCX0\">\u00c9xito<\/span><span class=\"NormalTextRun SCXW199019659 BCX0\"> gave me a level of discipline and dedication that shaped the person I am today.<\/span><\/span><\/strong><span class=\"TextRun SCXW199019659 BCX0\" lang=\"EN-US\" xml:lang=\"EN-US\" data-contrast=\"auto\"><span class=\"NormalTextRun SCXW199019659 BCX0\"> The tools I <\/span><span class=\"NormalTextRun SCXW199019659 BCX0\">acquired<\/span><span class=\"NormalTextRun SCXW199019659 BCX0\"> have been key in my <\/span><span class=\"NormalTextRun SCXW199019659 BCX0\">bachelor\u2019s degree in chemical engineering<\/span><span class=\"NormalTextRun SCXW199019659 BCX0\"> at the University of <\/span><span class=\"NormalTextRun SCXW199019659 BCX0\">Puerto Rico<\/span><span class=\"NormalTextRun SCXW199019659 BCX0\">. <\/span><\/span><strong><span class=\"TextRun MacChromeBold SCXW199019659 BCX0\" lang=\"EN-US\" xml:lang=\"EN-US\" data-contrast=\"auto\"><span class=\"NormalTextRun SCXW199019659 BCX0\">The challenge of OE has made my life an adventure full of great unimaginable <\/span><span class=\"NormalTextRun SCXW199019659 BCX0\">experiences<\/span><\/span><span class=\"TextRun SCXW199019659 BCX0\" lang=\"EN-US\" xml:lang=\"EN-US\" data-contrast=\"auto\"><span class=\"NormalTextRun SCXW199019659 BCX0\">.<\/span><span class=\"NormalTextRun SCXW199019659 BCX0\">\u201d<\/span><\/span><span class=\"EOP SCXW199019659 BCX0\" data-ccp-props=\"{&quot;335551550&quot;:6,&quot;335551620&quot;:6,&quot;335557856&quot;:16777215,&quot;335559739&quot;:216}\">\u00a0<\/span><\/strong><\/p>\t\t\t\t\t\t\t\t<\/div>\n\t\t\t\t<\/div>\n\t\t\t\t<div class=\"elementor-element elementor-element-3bff1ec elementor-widget elementor-widget-image\" data-id=\"3bff1ec\" data-element_type=\"widget\" data-e-type=\"widget\" data-widget_type=\"image.default\">\n\t\t\t\t<div class=\"elementor-widget-container\">\n\t\t\t\t\t\t\t\t\t\t\t\t\t\t\t<img loading=\"lazy\" decoding=\"async\" width=\"1008\" height=\"1344\" src=\"https:\/\/americancyberacademy.us\/wp-content\/uploads\/2024\/10\/Soraya_Premio.png\" class=\"attachment-full size-full wp-image-2600\" alt=\"\" srcset=\"https:\/\/americancyberacademy.us\/wp-content\/uploads\/2024\/10\/Soraya_Premio.png 1008w, https:\/\/americancyberacademy.us\/wp-content\/uploads\/2024\/10\/Soraya_Premio-225x300.png 225w, https:\/\/americancyberacademy.us\/wp-content\/uploads\/2024\/10\/Soraya_Premio-768x1024.png 768w\" sizes=\"(max-width: 1008px) 100vw, 1008px\" \/>\t\t\t\t\t\t\t\t\t\t\t\t\t\t\t<\/div>\n\t\t\t\t<\/div>\n\t\t\t\t<div class=\"elementor-element elementor-element-debb4d5 elementor-widget elementor-widget-text-editor\" data-id=\"debb4d5\" data-element_type=\"widget\" data-e-type=\"widget\" data-widget_type=\"text-editor.default\">\n\t\t\t\t<div class=\"elementor-widget-container\">\n\t\t\t\t\t\t\t\t\t<p><span class=\"TextRun SCXW255905931 BCX0\" lang=\"EN-US\" xml:lang=\"EN-US\" data-contrast=\"auto\"><span class=\"NormalTextRun SCXW255905931 BCX0\">In 2015, Soraya was awarded the Maestro Cordero <\/span><\/span><strong><span class=\"TextRun MacChromeBold SCXW255905931 BCX0\" lang=\"EN-US\" xml:lang=\"EN-US\" data-contrast=\"auto\"><span class=\"NormalTextRun SCXW255905931 BCX0\">Award<\/span><\/span><\/strong><span class=\"TextRun SCXW255905931 BCX0\" lang=\"EN-US\" xml:lang=\"EN-US\" data-contrast=\"auto\"><span class=\"NormalTextRun SCXW255905931 BCX0\"> by the Puerto Rico Community Foundation as an \u201c<\/span><\/span><strong><span class=\"TextRun MacChromeBold SCXW255905931 BCX0\" lang=\"EN-US\" xml:lang=\"EN-US\" data-contrast=\"auto\"><span class=\"NormalTextRun SCXW255905931 BCX0\">Innovator in Transformative Education<\/span><\/span><\/strong><span class=\"TextRun SCXW255905931 BCX0\" lang=\"EN-US\" xml:lang=\"EN-US\" data-contrast=\"auto\"><span class=\"NormalTextRun SCXW255905931 BCX0\">.\u201d<\/span><\/span><span class=\"EOP SCXW255905931 BCX0\" data-ccp-props=\"{&quot;335551550&quot;:6,&quot;335551620&quot;:6,&quot;335557856&quot;:16777215,&quot;335559739&quot;:216}\">\u00a0<\/span><\/p>\t\t\t\t\t\t\t\t<\/div>\n\t\t\t\t<\/div>\n\t\t\t\t<div class=\"elementor-element elementor-element-6620d8c elementor-widget elementor-widget-image\" data-id=\"6620d8c\" data-element_type=\"widget\" data-e-type=\"widget\" data-widget_type=\"image.default\">\n\t\t\t\t<div class=\"elementor-widget-container\">\n\t\t\t\t\t\t\t\t\t\t\t\t\t\t\t<img loading=\"lazy\" decoding=\"async\" width=\"811\" height=\"765\" src=\"https:\/\/americancyberacademy.us\/wp-content\/uploads\/2024\/10\/Soraya_Bill_Clinton.png\" class=\"attachment-full size-full wp-image-2602\" alt=\"\" srcset=\"https:\/\/americancyberacademy.us\/wp-content\/uploads\/2024\/10\/Soraya_Bill_Clinton.png 811w, https:\/\/americancyberacademy.us\/wp-content\/uploads\/2024\/10\/Soraya_Bill_Clinton-300x283.png 300w, https:\/\/americancyberacademy.us\/wp-content\/uploads\/2024\/10\/Soraya_Bill_Clinton-768x724.png 768w\" sizes=\"(max-width: 811px) 100vw, 811px\" \/>\t\t\t\t\t\t\t\t\t\t\t\t\t\t\t<\/div>\n\t\t\t\t<\/div>\n\t\t\t\t<div class=\"elementor-element elementor-element-5e51b0a elementor-widget elementor-widget-text-editor\" data-id=\"5e51b0a\" data-element_type=\"widget\" data-e-type=\"widget\" data-widget_type=\"text-editor.default\">\n\t\t\t\t<div class=\"elementor-widget-container\">\n\t\t\t\t\t\t\t\t\t<p><b><span data-contrast=\"none\">Soraya received the City Livability Award<\/span><\/b><span data-contrast=\"none\"> from the United States Conference of Mayors where former President Bill Clinton was present. This award recognizes programs <\/span><b><span data-contrast=\"none\">that have the greatest impact on the quality of life in a community nationwide<\/span><\/b><span data-contrast=\"none\">.<\/span><span data-ccp-props=\"{&quot;335551550&quot;:6,&quot;335551620&quot;:6,&quot;335557856&quot;:16777215,&quot;335559739&quot;:216}\">\u00a0<\/span><\/p><p><b><span data-contrast=\"none\">American Cyber Academy is the latest creation of Soraya Sesto<\/span><\/b><span data-contrast=\"none\">. American Cyber Academy exists to <\/span><b><span data-contrast=\"none\">provide opportunities for digital native students<\/span><\/b><span data-contrast=\"none\"> to develop their full potential through virtual education.<\/span><span data-ccp-props=\"{&quot;335551550&quot;:6,&quot;335551620&quot;:6,&quot;335557856&quot;:16777215,&quot;335559739&quot;:216}\">\u00a0<\/span><\/p>\t\t\t\t\t\t\t\t<\/div>\n\t\t\t\t<\/div>\n\t\t\t\t<div class=\"elementor-element elementor-element-e6a9921 elementor-widget elementor-widget-image\" data-id=\"e6a9921\" data-element_type=\"widget\" data-e-type=\"widget\" data-widget_type=\"image.default\">\n\t\t\t\t<div class=\"elementor-widget-container\">\n\t\t\t\t\t\t\t\t\t\t\t\t\t\t\t<img loading=\"lazy\" decoding=\"async\" width=\"1260\" height=\"682\" src=\"https:\/\/americancyberacademy.us\/wp-content\/uploads\/2024\/10\/Soraya_Avion.png\" class=\"attachment-full size-full wp-image-2603\" alt=\"\" srcset=\"https:\/\/americancyberacademy.us\/wp-content\/uploads\/2024\/10\/Soraya_Avion.png 1260w, https:\/\/americancyberacademy.us\/wp-content\/uploads\/2024\/10\/Soraya_Avion-300x162.png 300w, https:\/\/americancyberacademy.us\/wp-content\/uploads\/2024\/10\/Soraya_Avion-1024x554.png 1024w, https:\/\/americancyberacademy.us\/wp-content\/uploads\/2024\/10\/Soraya_Avion-768x416.png 768w\" sizes=\"(max-width: 1260px) 100vw, 1260px\" \/>\t\t\t\t\t\t\t\t\t\t\t\t\t\t\t<\/div>\n\t\t\t\t<\/div>\n\t\t\t\t<div class=\"elementor-element elementor-element-2229b8c elementor-widget elementor-widget-text-editor\" data-id=\"2229b8c\" data-element_type=\"widget\" data-e-type=\"widget\" data-widget_type=\"text-editor.default\">\n\t\t\t\t<div class=\"elementor-widget-container\">\n\t\t\t\t\t\t\t\t\t<p><span data-contrast=\"none\">When Soraya is not developing and implementing educational programs, she is flying. She is an airplane and helicopter pilot and lives with her husband, Puerto Rican filmmaker Noel Qui\u00f1ones, between Puerto Rico and New York.<\/span><span data-ccp-props=\"{&quot;335551550&quot;:6,&quot;335551620&quot;:6,&quot;335557856&quot;:16777215,&quot;335559739&quot;:216}\">\u00a0<\/span><\/p><p><span data-contrast=\"none\">\u201c<\/span><b><span data-contrast=\"none\">Our mission is to provide opportunities. That is the goal of American Cyber Academy: to help students develop to the fullest.<\/span><\/b><span data-contrast=\"none\">\u201d Soraya Sesto\u00a0<\/span><\/p>\t\t\t\t\t\t\t\t<\/div>\n\t\t\t\t<\/div>\n\t\t\t\t<\/div>\n\t\t\t\t<\/div>\n\t\t<div class=\"elementor-element elementor-element-b7552b0 e-con-full e-flex e-con e-parent\" data-id=\"b7552b0\" data-element_type=\"container\" data-e-type=\"container\" data-settings=\"{&quot;background_background&quot;:&quot;classic&quot;,&quot;shape_divider_top&quot;:&quot;tilt&quot;}\">\n\t\t\t\t<div class=\"elementor-shape elementor-shape-top\" aria-hidden=\"true\" data-negative=\"false\">\n\t\t\t<svg xmlns=\"http:\/\/www.w3.org\/2000\/svg\" viewBox=\"0 0 1000 100\" preserveAspectRatio=\"none\">\n\t<path class=\"elementor-shape-fill\" d=\"M0,6V0h1000v100L0,6z\"\/>\n<\/svg>\t\t<\/div>\n\t\t\t\t<div class=\"elementor-element elementor-element-8bd9d3a elementor-widget elementor-widget-text-editor\" data-id=\"8bd9d3a\" data-element_type=\"widget\" data-e-type=\"widget\" data-widget_type=\"text-editor.default\">\n\t\t\t\t<div class=\"elementor-widget-container\">\n\t\t\t\t\t\t\t\t\t<p>More information<\/p>\n\t\t\t\t\t\t\t\t<\/div>\n\t\t\t\t<\/div>\n\t\t\t\t<div class=\"elementor-element elementor-element-d075586 elementor-widget elementor-widget-text-editor\" data-id=\"d075586\" data-element_type=\"widget\" data-e-type=\"widget\" data-widget_type=\"text-editor.default\">\n\t\t\t\t<div class=\"elementor-widget-container\">\n\t\t\t\t\t\t\t\t\t<p><a href=\"mailto:info@americancyberacademy.us\" target=\"_blank\" rel=\"noopener\">info@americancyberacademy.us<\/a><\/p>\n\t\t\t\t\t\t\t\t<\/div>\n\t\t\t\t<\/div>\n\t\t\t\t<\/div>\n\t\t\t\t<\/div>\n\t\t","protected":false},"excerpt":{"rendered":"<p>President Soraya Sesto Soraya completed her Bachelor&#8217;s degree MAGNA CUM LAUDE from Georgetown University in Washington, D.C. Soraya also holds a master\u2019s degree in communications and public relations from the University of the Sacred Heart, San Juan, Puerto Rico, and is a PhD Candidate at the Center for Advanced for Puerto Rico and the Caribbean.\u00a0 [&hellip;]<\/p>\n","protected":false},"author":4,"featured_media":0,"parent":0,"menu_order":0,"comment_status":"closed","ping_status":"closed","template":"","meta":{"footnotes":""},"class_list":["post-2910","page","type-page","status-publish","hentry"],"_links":{"self":[{"href":"https:\/\/americancyberacademy.us\/en\/wp-json\/wp\/v2\/pages\/2910","targetHints":{"allow":["GET"]}}],"collection":[{"href":"https:\/\/americancyberacademy.us\/en\/wp-json\/wp\/v2\/pages"}],"about":[{"href":"https:\/\/americancyberacademy.us\/en\/wp-json\/wp\/v2\/types\/page"}],"author":[{"embeddable":true,"href":"https:\/\/americancyberacademy.us\/en\/wp-json\/wp\/v2\/users\/4"}],"replies":[{"embeddable":true,"href":"https:\/\/americancyberacademy.us\/en\/wp-json\/wp\/v2\/comments?post=2910"}],"version-history":[{"count":5,"href":"https:\/\/americancyberacademy.us\/en\/wp-json\/wp\/v2\/pages\/2910\/revisions"}],"predecessor-version":[{"id":3223,"href":"https:\/\/americancyberacademy.us\/en\/wp-json\/wp\/v2\/pages\/2910\/revisions\/3223"}],"wp:attachment":[{"href":"https:\/\/americancyberacademy.us\/en\/wp-json\/wp\/v2\/media?parent=2910"}],"curies":[{"name":"wp","href":"https:\/\/api.w.org\/{rel}","templated":true}]}}